{"id":3143,"date":"2023-10-06T14:59:38","date_gmt":"2023-10-06T14:59:38","guid":{"rendered":"https:\/\/shinenettoyage.com\/concierges\/"},"modified":"2023-10-06T17:14:13","modified_gmt":"2023-10-06T17:14:13","slug":"conciergerie","status":"publish","type":"page","link":"https:\/\/shinenettoyage.com\/fr\/conciergerie\/","title":{"rendered":"CONCIERGERIE"},"content":{"rendered":"<p><div class=\"fusion-fullwidth fullwidth-box fusion-builder-row-1 fusion-flex-container has-pattern-background has-mask-background fusion-parallax-none nonhundred-percent-fullwidth non-hundred-percent-height-scrolling lazyload\" style=\"--awb-background-position:center top;--awb-border-radius-top-left:0px;--awb-border-radius-top-right:0px;--awb-border-radius-bottom-right:0px;--awb-border-radius-bottom-left:0px;--awb-padding-top:3%;--awb-padding-bottom:3%;--awb-margin-bottom:0px;--awb-background-size:cover;\" data-bg=\"https:\/\/shinenettoyage.com\/wp-content\/uploads\/2023\/04\/product-top-background-scaled-Gula04.jpg\" ><div class=\"fusion-builder-row fusion-row fusion-flex-align-items-stretch\" style=\"max-width:1185.6px;margin-left: calc(-4% \/ 2 );margin-right: calc(-4% \/ 2 );\"><div class=\"fusion-layout-column fusion_builder_column fusion-builder-column-0 fusion_builder_column_1_6 1_6 fusion-flex-column\" style=\"--awb-bg-size:cover;--awb-width-large:16.666666666667%;--awb-margin-top-large:0px;--awb-spacing-right-large:11.52%;--awb-margin-bottom-large:20px;--awb-spacing-left-large:11.52%;--awb-width-medium:100%;--awb-spacing-right-medium:1.92%;--awb-spacing-left-medium:1.92%;--awb-width-small:100%;--awb-spacing-right-small:1.92%;--awb-spacing-left-small:1.92%;\"><div class=\"fusion-column-wrapper fusion-flex-justify-content-flex-start fusion-content-layout-column\"><\/div><\/div><div class=\"fusion-layout-column fusion_builder_column fusion-builder-column-1 fusion_builder_column_2_3 2_3 fusion-flex-column fusion-animated\" style=\"--awb-padding-top:20px;--awb-bg-position:center top;--awb-bg-size:cover;--awb-width-large:66.666666666667%;--awb-margin-top-large:0px;--awb-spacing-right-large:2.88%;--awb-margin-bottom-large:20px;--awb-spacing-left-large:2.88%;--awb-width-medium:100%;--awb-spacing-right-medium:1.92%;--awb-spacing-left-medium:1.92%;--awb-width-small:100%;--awb-spacing-right-small:1.92%;--awb-spacing-left-small:1.92%;\" data-animationType=\"fadeInLeft\" data-animationDuration=\"0.5\" data-animationOffset=\"top-into-view\"><div class=\"fusion-column-wrapper fusion-flex-justify-content-center fusion-content-layout-column\"><div class=\"fusion-title title fusion-title-1 fusion-sep-none fusion-title-center fusion-title-text fusion-title-size-one\" style=\"--awb-margin-bottom:20px;--awb-font-size:24px;\"><h1 class=\"title-heading-center fusion-responsive-typography-calculated\" style=\"margin:0;font-size:1em;--fontSize:24;line-height:1.4;\">CONCIERGERIE<\/h1><\/div><div class=\"fusion-separator\" style=\"align-self: center;margin-left: auto;margin-right: auto;margin-bottom:30px;width:100%;max-width:45%;\"><div class=\"fusion-separator-border sep-single sep-solid\" style=\"--awb-height:20px;--awb-amount:20px;--awb-sep-color:#cca459;border-color:#cca459;border-top-width:2px;\"><\/div><\/div>\n<div class=\"fusion-text fusion-text-1 sm-text-align-center\" style=\"--awb-font-size:14px;--awb-text-transform:uppercase;--awb-text-color:#ffffff;\"><p style=\"text-align: center;\">Un service<\/p>\n<\/div><div class=\"fusion-text fusion-text-2\" style=\"--awb-text-transform:none;\"><p>Nous vous simplifions votre vie.<\/p>\n<p>Les services de conciergerie sont con\u00e7us pour simplifier la vie des clients en r\u00e9pondant \u00e0 leurs besoins et en leur facilitant l&rsquo;acc\u00e8s \u00e0 une gamme de services.<\/p>\n<\/div><div class=\"accordian fusion-accordian\" style=\"--awb-border-size:1px;--awb-icon-size:16px;--awb-content-font-size:16px;--awb-icon-alignment:right;--awb-hover-color:#f9f9fb;--awb-border-color:#e2e2e2;--awb-background-color:#ffffff;--awb-divider-color:#e0dede;--awb-divider-hover-color:#e0dede;--awb-icon-color:#ffffff;--awb-title-color:#be9359;--awb-content-color:#686868;--awb-icon-box-color:#212934;--awb-toggle-hover-accent-color:#cca459;--awb-title-font-family:&quot;Old Standard TT&quot;;--awb-title-font-weight:regular;--awb-title-font-style:normal;--awb-title-font-size:20px;--awb-content-font-family:&quot;Lato&quot;;--awb-content-font-style:normal;--awb-content-font-weight:400;\"><div class=\"panel-group fusion-toggle-icon-right fusion-toggle-icon-unboxed\" id=\"accordion-3143-1\"><div class=\"fusion-panel panel-default panel-afa05ba2b72085a07 fusion-toggle-has-divider\" style=\"--awb-title-color:#be9359;\"><div class=\"panel-heading\"><h4 class=\"panel-title toggle\" id=\"toggle_afa05ba2b72085a07\"><a aria-expanded=\"false\" aria-controls=\"afa05ba2b72085a07\" role=\"button\" data-toggle=\"collapse\" data-parent=\"#accordion-3143-1\" data-target=\"#afa05ba2b72085a07\" href=\"#afa05ba2b72085a07\"><span class=\"fusion-toggle-icon-wrapper\" aria-hidden=\"true\"><i class=\"fa-fusion-box active-icon awb-icon-minus\" aria-hidden=\"true\"><\/i><i class=\"fa-fusion-box inactive-icon awb-icon-plus\" aria-hidden=\"true\"><\/i><\/span><span class=\"fusion-toggle-heading\">Nous proposons une large gamme de services adapt\u00e9s aux besoins de nos clients:<\/span><\/a><\/h4><\/div><div id=\"afa05ba2b72085a07\" class=\"panel-collapse collapse \" aria-labelledby=\"toggle_afa05ba2b72085a07\"><div class=\"panel-body toggle-content fusion-clearfix\">\n<ul>\n<li><strong>*R\u00e9servations et planification*<\/strong> : Les concierges peuvent aider les clients \u00e0 r\u00e9server des h\u00f4tels, des restaurants, des vols, des billets pour des spectacles ou d&rsquo;autres activit\u00e9s. Ils planifient \u00e9galement des itin\u00e9raires de voyage.<\/li>\n<li><strong>*Services de voyage*<\/strong> : Cela comprend l&rsquo;organisation du voyage, la location de voitures, la coordination des services de navette et l&rsquo;obtention de visas ou de documents de voyage.<\/li>\n<li><strong>*Service de billetterie*<\/strong> : Les concierges peuvent obtenir des billets pour des \u00e9v\u00e9nements sportifs, des concerts, des spectacles, des parcs d&rsquo;attractions, etc.<\/li>\n<li><strong>*Services de restauration*<\/strong> : Ces services peuvent comprendre la r\u00e9servation de tables de restaurant, l&rsquo;organisation de repas priv\u00e9s ou la livraison de repas.<\/li>\n<li><strong>*Services de bien-\u00eatre et de spa*<\/strong> : Les clients peuvent demander des r\u00e9servations pour des massages, des soins du visage, l&rsquo;acc\u00e8s \u00e0 des centres de bien-\u00eatre, etc.<\/li>\n<li><strong>*Services de nettoyage et d&rsquo;entretien*<\/strong> : Les concierges peuvent organiser des services de nettoyage, de blanchisserie ou de r\u00e9paration pour les clients.<\/li>\n<li><strong>*Service de garde d&rsquo;animaux*<\/strong> : Des services de garde d&rsquo;animaux, y compris la r\u00e9servation de services de gardiennage ou de promenade, peuvent \u00eatre propos\u00e9s.<\/li>\n<li><strong>*Services de loisirs et de divertissement*<\/strong> : Il peut s&rsquo;agir de la r\u00e9servation de terrains de golf, de billets pour des parcs \u00e0 th\u00e8me, d&rsquo;activit\u00e9s de plein air, etc.<\/li>\n<li><strong>*Assistance administrative*<\/strong> : Les concierges peuvent aider les clients \u00e0 effectuer des t\u00e2ches administratives telles que la gestion des rendez-vous, la r\u00e9servation de services de transport ou la coordination de r\u00e9unions d&rsquo;affaires.<\/li>\n<li><strong>*Services de shopping personnel*<\/strong> : L&rsquo;achat de cadeaux, de v\u00eatements, d&rsquo;articles de luxe ou encore l&rsquo;organisation de visites dans des boutiques haut de gamme font partie de ces services.<\/li>\n<li><strong>*Services m\u00e9dicaux*<\/strong> : En cas de besoin, les concierges peuvent aider \u00e0 trouver des services m\u00e9dicaux d&rsquo;urgence ou \u00e0 planifier des rendez-vous m\u00e9dicaux<\/li>\n<\/ul>\n<\/div><\/div><\/div><\/div><\/div><div class=\"fusion-separator fusion-full-width-sep\" style=\"align-self: center;margin-left: auto;margin-right: auto;margin-bottom:30px;width:100%;\"><\/div><div class=\"fusion-text fusion-text-3\" style=\"--awb-text-transform:none;\"><p style=\"text-align: center;\">Pour la commodit\u00e9 de nos clients, nous proposons plusieurs forfaits selon les services et la fr\u00e9quence requis. Estimations gratuites.<\/p>\n<p style=\"text-align: center;\">N&rsquo;h\u00e9sitez pas \u00e0 nous contacter\u00a0pour\u00a0un\u00a0devis\u00a0!<\/p>\n<\/div><div class=\"fusion-separator fusion-full-width-sep\" style=\"align-self: center;margin-left: auto;margin-right: auto;margin-bottom:30px;width:100%;\"><\/div><div style=\"text-align:center;\"><a class=\"fusion-button button-flat button-medium button-default fusion-button-default button-1 fusion-button-default-span fusion-button-default-type\" target=\"_self\" href=\"https:\/\/shinenettoyage.com\/fr\/reservez-votre-prestation\/#book-your-service\"><span class=\"fusion-button-text\">R\u00e9servez votre service ici<\/span><\/a><\/div><\/div><\/div><div class=\"fusion-layout-column fusion_builder_column fusion-builder-column-2 fusion_builder_column_1_6 1_6 fusion-flex-column\" style=\"--awb-bg-size:cover;--awb-width-large:16.666666666667%;--awb-margin-top-large:0px;--awb-spacing-right-large:11.52%;--awb-margin-bottom-large:20px;--awb-spacing-left-large:11.52%;--awb-width-medium:100%;--awb-spacing-right-medium:1.92%;--awb-spacing-left-medium:1.92%;--awb-width-small:100%;--awb-spacing-right-small:1.92%;--awb-spacing-left-small:1.92%;\"><div class=\"fusion-column-wrapper fusion-flex-justify-content-flex-start fusion-content-layout-column\"><\/div><\/div><\/div><\/div><div class=\"fusion-fullwidth fullwidth-box fusion-builder-row-2 fusion-flex-container nonhundred-percent-fullwidth non-hundred-percent-height-scrolling\" style=\"--awb-background-position:center bottom;--awb-border-radius-top-left:0px;--awb-border-radius-top-right:0px;--awb-border-radius-bottom-right:0px;--awb-border-radius-bottom-left:0px;--awb-padding-top:3%;--awb-padding-bottom:6%;--awb-margin-top:-5px;\" ><div class=\"fusion-builder-row fusion-row fusion-flex-align-items-flex-start\" style=\"max-width:1185.6px;margin-left: calc(-4% \/ 2 );margin-right: calc(-4% \/ 2 );\"><div class=\"fusion-layout-column fusion_builder_column fusion-builder-column-3 fusion_builder_column_1_2 1_2 fusion-flex-column fusion-flex-align-self-flex-start fusion-column-no-min-height\" style=\"--awb-padding-top:60px;--awb-bg-position:center top;--awb-bg-size:cover;--awb-width-large:50%;--awb-margin-top-large:0px;--awb-spacing-right-large:3.84%;--awb-margin-bottom-large:120px;--awb-spacing-left-large:3.84%;--awb-width-medium:100%;--awb-spacing-right-medium:1.92%;--awb-spacing-left-medium:1.92%;--awb-width-small:100%;--awb-spacing-right-small:1.92%;--awb-spacing-left-small:1.92%;\"><div class=\"fusion-column-wrapper fusion-flex-justify-content-center fusion-content-layout-column\"><div class=\"fusion-title title fusion-title-2 fusion-sep-none fusion-title-center fusion-title-text fusion-title-size-six\" style=\"--awb-margin-bottom:40px;--awb-font-size:26px;\"><h6 class=\"title-heading-center fusion-responsive-typography-calculated\" style=\"margin:0;font-size:1em;text-transform:uppercase;--fontSize:26;line-height:1.5;\">Pourquoi vous pouvez faire confiance<\/h6><\/div><div class=\"fusion-separator\" style=\"align-self: center;margin-left: auto;margin-right: auto;margin-bottom:30px;width:100%;max-width:45%;\"><div class=\"fusion-separator-border sep-single sep-solid\" style=\"--awb-height:20px;--awb-amount:20px;--awb-sep-color:#cca459;border-color:#cca459;border-top-width:2px;\"><\/div><\/div>\n<div class=\"fusion-text fusion-text-4 sm-text-align-center\" style=\"--awb-font-size:14px;--awb-text-transform:uppercase;--awb-text-color:#13163b;--awb-text-font-family:&quot;Lato&quot;;--awb-text-font-style:normal;--awb-text-font-weight:700;\"><p style=\"text-align: center;\">ATTENTION AU D\u00c9TAIL<\/p>\n<\/div><div class=\"fusion-text fusion-text-5\" style=\"--awb-text-transform:none;\"><p style=\"text-align: center;\">Parce que SHINE est une entreprise sp\u00e9cialis\u00e9e dans le nettoyage en profondeur qui se consacre \u00e0 fournir le professionnalisme et la valeur que vous m\u00e9ritez. Nos valeurs fondamentales sont la fiabilit\u00e9, la coh\u00e9rence et la qualit\u00e9 de nos services. Nos \u00e9quipes sont des sp\u00e9cialistes parfaitement form\u00e9s du secteur du nettoyage et des services. Nous visons la satisfaction et le respect de nos clients.<\/p>\n<\/div><div class=\"fusion-separator fusion-full-width-sep\" style=\"align-self: center;margin-left: auto;margin-right: auto;margin-bottom:30px;width:100%;\"><\/div><\/div><\/div>\n<div class=\"fusion-layout-column fusion_builder_column fusion-builder-column-4 fusion_builder_column_1_2 1_2 fusion-flex-column fusion-flex-align-self-flex-start fusion-column-no-min-height\" style=\"--awb-padding-top:60px;--awb-bg-position:center top;--awb-bg-size:cover;--awb-width-large:50%;--awb-margin-top-large:0px;--awb-spacing-right-large:3.84%;--awb-margin-bottom-large:120px;--awb-spacing-left-large:3.84%;--awb-width-medium:100%;--awb-order-medium:0;--awb-spacing-right-medium:1.92%;--awb-spacing-left-medium:1.92%;--awb-width-small:100%;--awb-order-small:0;--awb-spacing-right-small:1.92%;--awb-spacing-left-small:1.92%;\" data-motion-effects=\"[{&quot;type&quot;:&quot;&quot;,&quot;scroll_type&quot;:&quot;transition&quot;,&quot;scroll_direction&quot;:&quot;up&quot;,&quot;transition_speed&quot;:&quot;1&quot;,&quot;fade_type&quot;:&quot;in&quot;,&quot;scale_type&quot;:&quot;up&quot;,&quot;initial_scale&quot;:&quot;1&quot;,&quot;max_scale&quot;:&quot;1.5&quot;,&quot;min_scale&quot;:&quot;0.5&quot;,&quot;initial_rotate&quot;:&quot;0&quot;,&quot;end_rotate&quot;:&quot;30&quot;,&quot;initial_blur&quot;:&quot;0&quot;,&quot;end_blur&quot;:&quot;3&quot;,&quot;start_element&quot;:&quot;top&quot;,&quot;start_viewport&quot;:&quot;bottom&quot;,&quot;end_element&quot;:&quot;bottom&quot;,&quot;end_viewport&quot;:&quot;top&quot;,&quot;mouse_effect&quot;:&quot;track&quot;,&quot;mouse_effect_direction&quot;:&quot;opposite&quot;,&quot;mouse_effect_speed&quot;:&quot;2&quot;,&quot;infinite_animation&quot;:&quot;float&quot;,&quot;infinite_animation_speed&quot;:&quot;2&quot;}]\" data-scroll-devices=\"small-visibility,medium-visibility,large-visibility\"><div class=\"fusion-column-wrapper fusion-column-has-shadow fusion-flex-justify-content-center fusion-content-layout-column\"><div class=\"fusion-image-carousel fusion-image-carousel-auto fusion-image-carousel-1 shine-inner-white-border\"><div class=\"awb-carousel awb-swiper awb-swiper-carousel\" data-autoplay=\"yes\" data-columns=\"1\" data-itemmargin=\"0\" data-itemwidth=\"180\" data-touchscroll=\"no\" data-imagesize=\"auto\" style=\"--awb-columns:1;--awb-column-spacing:0px;\"><div class=\"swiper-wrapper awb-image-carousel-wrapper fusion-flex-align-items-center\"><div class=\"swiper-slide\"><div class=\"fusion-carousel-item-wrapper\"><div class=\"fusion-image-wrapper hover-type-none\"><img width=\"920\" height=\"956\" src=\"https:\/\/shinenettoyage.com\/wp-content\/uploads\/2023\/10\/Concierge-Shine-1.jpg\" class=\"attachment-full size-full lazyload\" alt=\"\" decoding=\"async\" srcset=\"data:image\/svg+xml,%3Csvg%20xmlns%3D%27http%3A%2F%2Fwww.w3.org%2F2000%2Fsvg%27%20width%3D%27920%27%20height%3D%27956%27%20viewBox%3D%270%200%20920%20956%27%3E%3Crect%20width%3D%27920%27%20height%3D%27956%27%20fill-opacity%3D%220%22%2F%3E%3C%2Fsvg%3E\" data-orig-src=\"https:\/\/shinenettoyage.com\/wp-content\/uploads\/2023\/10\/Concierge-Shine-1.jpg\" data-srcset=\"https:\/\/shinenettoyage.com\/wp-content\/uploads\/2023\/10\/Concierge-Shine-1-200x208.jpg 200w, https:\/\/shinenettoyage.com\/wp-content\/uploads\/2023\/10\/Concierge-Shine-1-289x300.jpg 289w, https:\/\/shinenettoyage.com\/wp-content\/uploads\/2023\/10\/Concierge-Shine-1-400x416.jpg 400w, https:\/\/shinenettoyage.com\/wp-content\/uploads\/2023\/10\/Concierge-Shine-1-600x623.jpg 600w, https:\/\/shinenettoyage.com\/wp-content\/uploads\/2023\/10\/Concierge-Shine-1-768x798.jpg 768w, https:\/\/shinenettoyage.com\/wp-content\/uploads\/2023\/10\/Concierge-Shine-1-800x831.jpg 800w, https:\/\/shinenettoyage.com\/wp-content\/uploads\/2023\/10\/Concierge-Shine-1.jpg 920w\" data-sizes=\"auto\" \/><\/div><\/div><\/div><\/div><\/div><\/div><\/div><\/div><div class=\"fusion-layout-column fusion_builder_column fusion-builder-column-5 fusion_builder_column_1_1 1_1 fusion-flex-column\" style=\"--awb-bg-size:cover;--awb-width-large:100%;--awb-margin-top-large:0px;--awb-spacing-right-large:1.92%;--awb-margin-bottom-large:20px;--awb-spacing-left-large:1.92%;--awb-width-medium:100%;--awb-order-medium:0;--awb-spacing-right-medium:1.92%;--awb-spacing-left-medium:1.92%;--awb-width-small:100%;--awb-order-small:0;--awb-spacing-right-small:1.92%;--awb-spacing-left-small:1.92%;\"><div class=\"fusion-column-wrapper fusion-column-has-shadow fusion-flex-justify-content-flex-start fusion-content-layout-column\"><div class=\"fusion-tabs fusion-tabs-1 classic nav-not-justified horizontal-tabs icon-position-left mobile-mode-accordion\" style=\"--awb-title-border-radius-top-left:0px;--awb-title-border-radius-top-right:0px;--awb-title-border-radius-bottom-right:0px;--awb-title-border-radius-bottom-left:0px;--awb-alignment:start;--awb-inactive-color:#ffffff;--awb-title-text-color:#13163b;--awb-background-color:#ffffff;--awb-border-color:#ffffff;--awb-active-border-color:#be9359;\" id=\"shine_tabs\"><div class=\"nav\"><ul class=\"nav-tabs\" role=\"tablist\"><li class=\"active\" role=\"presentation\"><a class=\"tab-link\" data-toggle=\"tab\" role=\"tab\" aria-controls=\"tab-1583de989e854764599\" aria-selected=\"true\" id=\"fusion-tab-gestionimmobili\u00c8re\" href=\"#tab-1583de989e854764599\"><h4 class=\"fusion-tab-heading\">GESTION IMMOBILI\u00c8RE<\/h4><\/a><\/li><li role=\"presentation\"><a class=\"tab-link\" data-toggle=\"tab\" role=\"tab\" aria-controls=\"tab-55e1cee7d6da60d7e11\" aria-selected=\"false\" tabindex=\"-1\" id=\"fusion-tab-nettoyagedebureaux\" href=\"#tab-55e1cee7d6da60d7e11\"><h4 class=\"fusion-tab-heading\">NETTOYAGE DE BUREAUX<\/h4><\/a><\/li><li role=\"presentation\"><a class=\"tab-link\" data-toggle=\"tab\" role=\"tab\" aria-controls=\"tab-beb4e56dc2956d0302b\" aria-selected=\"false\" tabindex=\"-1\" id=\"fusion-tab-nettoyagedecopropri\u00c9t\u00c9\" href=\"#tab-beb4e56dc2956d0302b\"><h4 class=\"fusion-tab-heading\">NETTOYAGE DE COPROPRI\u00c9T\u00c9<\/h4><\/a><\/li><li role=\"presentation\"><a class=\"tab-link\" data-toggle=\"tab\" role=\"tab\" aria-controls=\"tab-19d6c89d8953c69ca1e\" aria-selected=\"false\" tabindex=\"-1\" id=\"fusion-tab-r\u00c9novationetconstruction\" href=\"#tab-19d6c89d8953c69ca1e\"><h4 class=\"fusion-tab-heading\">R\u00c9NOVATION ET CONSTRUCTION<\/h4><\/a><\/li><li role=\"presentation\"><a class=\"tab-link\" data-toggle=\"tab\" role=\"tab\" aria-controls=\"tab-b6bf4393c66fba98053\" aria-selected=\"false\" tabindex=\"-1\" id=\"fusion-tab-jardinage\" href=\"#tab-b6bf4393c66fba98053\"><h4 class=\"fusion-tab-heading\">JARDINAGE<\/h4><\/a><\/li><li role=\"presentation\"><a class=\"tab-link\" data-toggle=\"tab\" role=\"tab\" aria-controls=\"tab-1ce54d6e2d60a58f288\" aria-selected=\"false\" tabindex=\"-1\" id=\"fusion-tab-maintenance\" href=\"#tab-1ce54d6e2d60a58f288\"><h4 class=\"fusion-tab-heading\">MAINTENANCE<\/h4><\/a><\/li><\/ul><\/div><div class=\"tab-content\"><div class=\"nav fusion-mobile-tab-nav\"><ul class=\"nav-tabs\" role=\"tablist\"><li class=\"active\" role=\"presentation\"><a class=\"tab-link\" data-toggle=\"tab\" role=\"tab\" aria-controls=\"tab-1583de989e854764599\" aria-selected=\"true\" id=\"mobile-fusion-tab-gestionimmobili\u00c8re\" href=\"#tab-1583de989e854764599\"><h4 class=\"fusion-tab-heading\">GESTION IMMOBILI\u00c8RE<\/h4><\/a><\/li><\/ul><\/div><div class=\"tab-pane fade fusion-clearfix in active\" role=\"tabpanel\" tabindex=\"0\" aria-labelledby=\"fusion-tab-gestionimmobili\u00c8re\" id=\"tab-1583de989e854764599\">\n<p>Au c\u0153ur du paysage immobilier suisse, l\u00e0 o\u00f9 la pr\u00e9cision rencontre l&rsquo;\u00e9l\u00e9gance, nous vous pr\u00e9sentons Shine Nettoyage &#8211; votre partenaire de confiance en mati\u00e8re d&rsquo;excellence immobili\u00e8re. <a href=\"https:\/\/shinenettoyage.com\/fr\/?page_id=3156\">LIRE LA SUITE<\/a><\/p>\n<\/div><div class=\"nav fusion-mobile-tab-nav\"><ul class=\"nav-tabs\" role=\"tablist\"><li role=\"presentation\"><a class=\"tab-link\" data-toggle=\"tab\" role=\"tab\" aria-controls=\"tab-55e1cee7d6da60d7e11\" aria-selected=\"false\" tabindex=\"-1\" id=\"mobile-fusion-tab-nettoyagedebureaux\" href=\"#tab-55e1cee7d6da60d7e11\"><h4 class=\"fusion-tab-heading\">NETTOYAGE DE BUREAUX<\/h4><\/a><\/li><\/ul><\/div><div class=\"tab-pane fade fusion-clearfix\" role=\"tabpanel\" tabindex=\"0\" aria-labelledby=\"fusion-tab-nettoyagedebureaux\" id=\"tab-55e1cee7d6da60d7e11\">\n<p>Vous pouvez vous attendre \u00e0 un service de nettoyage professionnel de notre \u00e9quipe exp\u00e9riment\u00e9e, y compris l&rsquo;utilisation d&rsquo;\u00e9quipements et de consommables de nettoyage de haute qualit\u00e9, tous respectueux de l&rsquo;environnement. <a href=\"https:\/\/shinenettoyage.com\/fr\/nettoyage-de-bureaux\/\">LIRE LA SUITE<\/a><\/p>\n<\/div><div class=\"nav fusion-mobile-tab-nav\"><ul class=\"nav-tabs\" role=\"tablist\"><li role=\"presentation\"><a class=\"tab-link\" data-toggle=\"tab\" role=\"tab\" aria-controls=\"tab-beb4e56dc2956d0302b\" aria-selected=\"false\" tabindex=\"-1\" id=\"mobile-fusion-tab-nettoyagedecopropri\u00c9t\u00c9\" href=\"#tab-beb4e56dc2956d0302b\"><h4 class=\"fusion-tab-heading\">NETTOYAGE DE COPROPRI\u00c9T\u00c9<\/h4><\/a><\/li><\/ul><\/div><div class=\"tab-pane fade fusion-clearfix\" role=\"tabpanel\" tabindex=\"0\" aria-labelledby=\"fusion-tab-nettoyagedecopropri\u00c9t\u00c9\" id=\"tab-beb4e56dc2956d0302b\">\n<p>Nous comprenons l&rsquo;importance de veiller \u00e0 ce que l&rsquo;espace adjacent \u00e0 votre maison soit trait\u00e9 avec s\u00e9rieux et professionnalisme, afin que vous vous sentiez bien \u00e0 votre arriv\u00e9e \u00e0 la maison. <a href=\"https:\/\/shinenettoyage.com\/fr\/nettoyage-de-copropriete\/\">LIRE LA SUITE<\/a><\/p>\n<\/div><div class=\"nav fusion-mobile-tab-nav\"><ul class=\"nav-tabs\" role=\"tablist\"><li role=\"presentation\"><a class=\"tab-link\" data-toggle=\"tab\" role=\"tab\" aria-controls=\"tab-19d6c89d8953c69ca1e\" aria-selected=\"false\" tabindex=\"-1\" id=\"mobile-fusion-tab-r\u00c9novationetconstruction\" href=\"#tab-19d6c89d8953c69ca1e\"><h4 class=\"fusion-tab-heading\">R\u00c9NOVATION ET CONSTRUCTION<\/h4><\/a><\/li><\/ul><\/div><div class=\"tab-pane fade fusion-clearfix\" role=\"tabpanel\" tabindex=\"0\" aria-labelledby=\"fusion-tab-r\u00c9novationetconstruction\" id=\"tab-19d6c89d8953c69ca1e\">\n<p>SHINE offre un large soutien et une expertise dans le domaine de la r\u00e9novation ainsi que de la construction gr\u00e2ce \u00e0 notre grande exp\u00e9rience dans ces domaines d&rsquo;activit\u00e9. <a href=\"https:\/\/shinenettoyage.com\/fr\/renovation-construction\/\">LIRE LA SUITE<\/a><\/p>\n<\/div><div class=\"nav fusion-mobile-tab-nav\"><ul class=\"nav-tabs\" role=\"tablist\"><li role=\"presentation\"><a class=\"tab-link\" data-toggle=\"tab\" role=\"tab\" aria-controls=\"tab-b6bf4393c66fba98053\" aria-selected=\"false\" tabindex=\"-1\" id=\"mobile-fusion-tab-jardinage\" href=\"#tab-b6bf4393c66fba98053\"><h4 class=\"fusion-tab-heading\">JARDINAGE<\/h4><\/a><\/li><\/ul><\/div><div class=\"tab-pane fade fusion-clearfix\" role=\"tabpanel\" tabindex=\"0\" aria-labelledby=\"fusion-tab-jardinage\" id=\"tab-b6bf4393c66fba98053\">\n<p>Des professionnels form\u00e9s aux t\u00e2ches les plus diverses de nettoyage et d&rsquo;entretien d&rsquo;espaces verts, ou d&rsquo;espaces ext\u00e9rieurs comme les terrasses, sauront restituer le raffinement et la beaut\u00e9 que m\u00e9ritent vos espaces ext\u00e9rieurs. <a href=\"https:\/\/shinenettoyage.com\/fr\/jardinage\/\">LIRE LA SUITE<\/a><\/p>\n<\/div><div class=\"nav fusion-mobile-tab-nav\"><ul class=\"nav-tabs\" role=\"tablist\"><li role=\"presentation\"><a class=\"tab-link\" data-toggle=\"tab\" role=\"tab\" aria-controls=\"tab-1ce54d6e2d60a58f288\" aria-selected=\"false\" tabindex=\"-1\" id=\"mobile-fusion-tab-maintenance\" href=\"#tab-1ce54d6e2d60a58f288\"><h4 class=\"fusion-tab-heading\">MAINTENANCE<\/h4><\/a><\/li><\/ul><\/div><div class=\"tab-pane fade fusion-clearfix\" role=\"tabpanel\" tabindex=\"0\" aria-labelledby=\"fusion-tab-maintenance\" id=\"tab-1ce54d6e2d60a58f288\">\n<p>Nous effectuons des visites r\u00e9guli\u00e8res pour nous assurer que votre r\u00e9sidence est toujours s\u00e9curis\u00e9e et pleinement fonctionnelle, propre et pr\u00eate pour votre retour \u00e0 la maison. <a href=\"https:\/\/shinenettoyage.com\/fr\/manutention\/\">LIRE LA SUITE<\/a><\/p>\n<\/div><\/div><\/div><\/div><\/div><\/div><\/div><\/p>\n","protected":false},"excerpt":{"rendered":"","protected":false},"author":1,"featured_media":0,"parent":0,"menu_order":0,"comment_status":"closed","ping_status":"closed","template":"100-width.php","meta":[],"_links":{"self":[{"href":"https:\/\/shinenettoyage.com\/fr\/wp-json\/wp\/v2\/pages\/3143"}],"collection":[{"href":"https:\/\/shinenettoyage.com\/fr\/wp-json\/wp\/v2\/pages"}],"about":[{"href":"https:\/\/shinenettoyage.com\/fr\/wp-json\/wp\/v2\/types\/page"}],"author":[{"embeddable":true,"href":"https:\/\/shinenettoyage.com\/fr\/wp-json\/wp\/v2\/users\/1"}],"replies":[{"embeddable":true,"href":"https:\/\/shinenettoyage.com\/fr\/wp-json\/wp\/v2\/comments?post=3143"}],"version-history":[{"count":16,"href":"https:\/\/shinenettoyage.com\/fr\/wp-json\/wp\/v2\/pages\/3143\/revisions"}],"predecessor-version":[{"id":3304,"href":"https:\/\/shinenettoyage.com\/fr\/wp-json\/wp\/v2\/pages\/3143\/revisions\/3304"}],"wp:attachment":[{"href":"https:\/\/shinenettoyage.com\/fr\/wp-json\/wp\/v2\/media?parent=3143"}],"curies":[{"name":"wp","href":"https:\/\/api.w.org\/{rel}","templated":true}]}}