{"id":3023,"date":"2023-04-20T22:49:51","date_gmt":"2023-04-20T22:49:51","guid":{"rendered":"https:\/\/shinenettoyage.com\/renovation-et-construction\/"},"modified":"2023-10-06T17:34:11","modified_gmt":"2023-10-06T17:34:11","slug":"renovation-construction","status":"publish","type":"page","link":"https:\/\/shinenettoyage.com\/fr\/renovation-construction\/","title":{"rendered":"R\u00c9NOVATION &#038; CONSTRUCTION"},"content":{"rendered":"<p><div class=\"fusion-fullwidth fullwidth-box fusion-builder-row-1 fusion-flex-container has-pattern-background has-mask-background fusion-parallax-none nonhundred-percent-fullwidth non-hundred-percent-height-scrolling lazyload\" style=\"--awb-background-position:center top;--awb-border-radius-top-left:0px;--awb-border-radius-top-right:0px;--awb-border-radius-bottom-right:0px;--awb-border-radius-bottom-left:0px;--awb-padding-top:3%;--awb-padding-bottom:3%;--awb-margin-bottom:0px;--awb-background-size:cover;\" data-bg=\"https:\/\/shinenettoyage.com\/wp-content\/uploads\/2023\/04\/product-top-background-scaled-Gula04.jpg\" ><div class=\"fusion-builder-row fusion-row fusion-flex-align-items-stretch\" style=\"max-width:1185.6px;margin-left: calc(-4% \/ 2 );margin-right: calc(-4% \/ 2 );\"><div class=\"fusion-layout-column fusion_builder_column fusion-builder-column-0 fusion_builder_column_1_6 1_6 fusion-flex-column\" style=\"--awb-bg-size:cover;--awb-width-large:16.666666666667%;--awb-margin-top-large:0px;--awb-spacing-right-large:11.52%;--awb-margin-bottom-large:20px;--awb-spacing-left-large:11.52%;--awb-width-medium:100%;--awb-spacing-right-medium:1.92%;--awb-spacing-left-medium:1.92%;--awb-width-small:100%;--awb-spacing-right-small:1.92%;--awb-spacing-left-small:1.92%;\"><div class=\"fusion-column-wrapper fusion-flex-justify-content-flex-start fusion-content-layout-column\"><\/div><\/div><div class=\"fusion-layout-column fusion_builder_column fusion-builder-column-1 fusion_builder_column_2_3 2_3 fusion-flex-column fusion-animated\" style=\"--awb-padding-top:20px;--awb-bg-position:center top;--awb-bg-size:cover;--awb-width-large:66.666666666667%;--awb-margin-top-large:0px;--awb-spacing-right-large:2.88%;--awb-margin-bottom-large:20px;--awb-spacing-left-large:2.88%;--awb-width-medium:100%;--awb-spacing-right-medium:1.92%;--awb-spacing-left-medium:1.92%;--awb-width-small:100%;--awb-spacing-right-small:1.92%;--awb-spacing-left-small:1.92%;\" data-animationType=\"fadeInLeft\" data-animationDuration=\"0.5\" data-animationOffset=\"top-into-view\"><div class=\"fusion-column-wrapper fusion-flex-justify-content-center fusion-content-layout-column\"><div class=\"fusion-title title fusion-title-1 fusion-sep-none fusion-title-center fusion-title-text fusion-title-size-one\" style=\"--awb-margin-bottom:20px;--awb-font-size:24px;\"><h1 class=\"title-heading-center fusion-responsive-typography-calculated\" style=\"margin:0;font-size:1em;--fontSize:24;line-height:1.4;\">R\u00c9NOVATION &amp; CONSTRUCTION<\/h1><\/div><div class=\"fusion-separator\" style=\"align-self: center;margin-left: auto;margin-right: auto;margin-bottom:30px;width:100%;max-width:45%;\"><div class=\"fusion-separator-border sep-single sep-solid\" style=\"--awb-height:20px;--awb-amount:20px;--awb-sep-color:#cca459;border-color:#cca459;border-top-width:2px;\"><\/div><\/div>\n<div class=\"fusion-text fusion-text-1 sm-text-align-center\" style=\"--awb-font-size:14px;--awb-text-transform:none;--awb-text-color:#ffffff;\"><p style=\"text-align: center;\">SERVICES<\/p>\n<\/div><div class=\"fusion-text fusion-text-2\" style=\"--awb-text-transform:none;\"><p style=\"text-align: center;\">SHINE offre un large soutien et une expertise dans le domaine de la r\u00e9novation ainsi que de la construction gr\u00e2ce \u00e0 notre grande exp\u00e9rience dans ces domaines d&rsquo;activit\u00e9. Notre \u00e9quipe fera toujours de son mieux pour vous satisfaire car nous sommes \u00e9ternellement \u00e0 la recherche de la reconnaissance et du respect\u00a0de\u00a0nos\u00a0clients.<\/p>\n<\/div><div class=\"fusion-separator fusion-full-width-sep\" style=\"align-self: center;margin-left: auto;margin-right: auto;margin-bottom:30px;width:100%;\"><\/div><div class=\"fusion-text fusion-text-3\" style=\"--awb-text-transform:none;\"><p style=\"text-align: center;\">Pour la commodit\u00e9 de nos clients, nous proposons plusieurs forfaits selon les services et la fr\u00e9quence requis. Estimations gratuites.<\/p>\n<\/div><div class=\"fusion-separator fusion-full-width-sep\" style=\"align-self: center;margin-left: auto;margin-right: auto;margin-bottom:30px;width:100%;\"><\/div><div style=\"text-align:center;\"><a class=\"fusion-button button-flat button-medium button-default fusion-button-default button-1 fusion-button-default-span fusion-button-default-type\" target=\"_self\" href=\"https:\/\/shinenettoyage.com\/fr\/reservez-votre-prestation\/#book-your-service\"><span class=\"fusion-button-text\">R\u00e9servez votre service ici<\/span><\/a><\/div><\/div><\/div><div class=\"fusion-layout-column fusion_builder_column fusion-builder-column-2 fusion_builder_column_1_6 1_6 fusion-flex-column\" style=\"--awb-bg-size:cover;--awb-width-large:16.666666666667%;--awb-margin-top-large:0px;--awb-spacing-right-large:11.52%;--awb-margin-bottom-large:20px;--awb-spacing-left-large:11.52%;--awb-width-medium:100%;--awb-spacing-right-medium:1.92%;--awb-spacing-left-medium:1.92%;--awb-width-small:100%;--awb-spacing-right-small:1.92%;--awb-spacing-left-small:1.92%;\"><div class=\"fusion-column-wrapper fusion-flex-justify-content-flex-start fusion-content-layout-column\"><\/div><\/div><\/div><\/div><div class=\"fusion-fullwidth fullwidth-box fusion-builder-row-2 fusion-flex-container nonhundred-percent-fullwidth non-hundred-percent-height-scrolling\" style=\"--awb-background-position:center bottom;--awb-border-radius-top-left:0px;--awb-border-radius-top-right:0px;--awb-border-radius-bottom-right:0px;--awb-border-radius-bottom-left:0px;--awb-padding-top:3%;--awb-padding-bottom:6%;--awb-margin-top:-5px;\" ><div class=\"fusion-builder-row fusion-row fusion-flex-align-items-flex-start\" style=\"max-width:1185.6px;margin-left: calc(-4% \/ 2 );margin-right: calc(-4% \/ 2 );\"><div class=\"fusion-layout-column fusion_builder_column fusion-builder-column-3 fusion_builder_column_1_2 1_2 fusion-flex-column fusion-flex-align-self-flex-start fusion-column-no-min-height\" style=\"--awb-padding-top:60px;--awb-bg-position:center top;--awb-bg-size:cover;--awb-width-large:50%;--awb-margin-top-large:0px;--awb-spacing-right-large:3.84%;--awb-margin-bottom-large:120px;--awb-spacing-left-large:3.84%;--awb-width-medium:100%;--awb-spacing-right-medium:1.92%;--awb-spacing-left-medium:1.92%;--awb-width-small:100%;--awb-spacing-right-small:1.92%;--awb-spacing-left-small:1.92%;\"><div class=\"fusion-column-wrapper fusion-flex-justify-content-center fusion-content-layout-column\"><div class=\"fusion-title title fusion-title-2 fusion-sep-none fusion-title-center fusion-title-text fusion-title-size-six\" style=\"--awb-margin-bottom:40px;--awb-font-size:26px;\"><h6 class=\"title-heading-center fusion-responsive-typography-calculated\" style=\"margin:0;font-size:1em;text-transform:uppercase;--fontSize:26;line-height:1.5;\">Pourquoi vous pouvez faire confiance<\/h6><\/div><div class=\"fusion-separator\" style=\"align-self: center;margin-left: auto;margin-right: auto;margin-bottom:30px;width:100%;max-width:45%;\"><div class=\"fusion-separator-border sep-single sep-solid\" style=\"--awb-height:20px;--awb-amount:20px;--awb-sep-color:#cca459;border-color:#cca459;border-top-width:2px;\"><\/div><\/div>\n<div class=\"fusion-text fusion-text-4 sm-text-align-center\" style=\"--awb-font-size:14px;--awb-text-transform:uppercase;--awb-text-color:#13163b;--awb-text-font-family:&quot;Lato&quot;;--awb-text-font-style:normal;--awb-text-font-weight:700;\"><p style=\"text-align: center;\">ATTENTION AU D\u00c9TAIL<\/p>\n<\/div><div class=\"fusion-text fusion-text-5\" style=\"--awb-text-transform:none;\"><p style=\"text-align: center;\">Parce que SHINE est une entreprise sp\u00e9cialis\u00e9e dans le nettoyage en profondeur qui se consacre \u00e0 fournir le professionnalisme et la valeur que vous m\u00e9ritez. Nos valeurs fondamentales sont la fiabilit\u00e9, la coh\u00e9rence et la qualit\u00e9 de nos services. Nos \u00e9quipes sont des sp\u00e9cialistes parfaitement form\u00e9s du secteur du nettoyage et des services. Nous visons la satisfaction et le respect de nos clients.<\/p>\n<\/div><div class=\"fusion-separator fusion-full-width-sep\" style=\"align-self: center;margin-left: auto;margin-right: auto;margin-bottom:30px;width:100%;\"><\/div><\/div><\/div>\n<div class=\"fusion-layout-column fusion_builder_column fusion-builder-column-4 fusion_builder_column_1_2 1_2 fusion-flex-column fusion-flex-align-self-flex-start fusion-column-no-min-height\" style=\"--awb-padding-top:60px;--awb-bg-position:center top;--awb-bg-size:cover;--awb-width-large:50%;--awb-margin-top-large:0px;--awb-spacing-right-large:3.84%;--awb-margin-bottom-large:120px;--awb-spacing-left-large:3.84%;--awb-width-medium:100%;--awb-spacing-right-medium:1.92%;--awb-spacing-left-medium:1.92%;--awb-width-small:100%;--awb-spacing-right-small:1.92%;--awb-spacing-left-small:1.92%;\"><div class=\"fusion-column-wrapper fusion-flex-justify-content-center fusion-content-layout-column\"><div class=\"fusion-image-carousel fusion-image-carousel-auto fusion-image-carousel-1 shine-inner-white-border\"><div class=\"awb-carousel awb-swiper awb-swiper-carousel\" data-autoplay=\"yes\" data-columns=\"1\" data-itemmargin=\"0\" data-itemwidth=\"180\" data-touchscroll=\"no\" data-imagesize=\"auto\" style=\"--awb-columns:1;--awb-column-spacing:0px;\"><div class=\"swiper-wrapper awb-image-carousel-wrapper fusion-flex-align-items-center\"><div class=\"swiper-slide\"><div class=\"fusion-carousel-item-wrapper\"><div class=\"fusion-image-wrapper hover-type-none\"><img width=\"920\" height=\"956\" src=\"https:\/\/shinenettoyage.com\/wp-content\/uploads\/2023\/04\/real-estate-renovation-Shine-service-1.jpg\" class=\"attachment-full size-full lazyload\" alt=\"\" decoding=\"async\" srcset=\"data:image\/svg+xml,%3Csvg%20xmlns%3D%27http%3A%2F%2Fwww.w3.org%2F2000%2Fsvg%27%20width%3D%27920%27%20height%3D%27956%27%20viewBox%3D%270%200%20920%20956%27%3E%3Crect%20width%3D%27920%27%20height%3D%27956%27%20fill-opacity%3D%220%22%2F%3E%3C%2Fsvg%3E\" data-orig-src=\"https:\/\/shinenettoyage.com\/wp-content\/uploads\/2023\/04\/real-estate-renovation-Shine-service-1.jpg\" data-srcset=\"https:\/\/shinenettoyage.com\/wp-content\/uploads\/2023\/04\/real-estate-renovation-Shine-service-1-200x208.jpg 200w, https:\/\/shinenettoyage.com\/wp-content\/uploads\/2023\/04\/real-estate-renovation-Shine-service-1-289x300.jpg 289w, https:\/\/shinenettoyage.com\/wp-content\/uploads\/2023\/04\/real-estate-renovation-Shine-service-1-400x416.jpg 400w, https:\/\/shinenettoyage.com\/wp-content\/uploads\/2023\/04\/real-estate-renovation-Shine-service-1-600x623.jpg 600w, https:\/\/shinenettoyage.com\/wp-content\/uploads\/2023\/04\/real-estate-renovation-Shine-service-1-768x798.jpg 768w, https:\/\/shinenettoyage.com\/wp-content\/uploads\/2023\/04\/real-estate-renovation-Shine-service-1-800x831.jpg 800w, https:\/\/shinenettoyage.com\/wp-content\/uploads\/2023\/04\/real-estate-renovation-Shine-service-1.jpg 920w\" data-sizes=\"auto\" \/><\/div><\/div><\/div><div class=\"swiper-slide\"><div class=\"fusion-carousel-item-wrapper\"><div class=\"fusion-image-wrapper hover-type-none\"><img width=\"920\" height=\"956\" src=\"https:\/\/shinenettoyage.com\/wp-content\/uploads\/2023\/04\/real-estate-renovation-Shine-service-4.jpg\" class=\"attachment-full size-full lazyload\" alt=\"\" decoding=\"async\" srcset=\"data:image\/svg+xml,%3Csvg%20xmlns%3D%27http%3A%2F%2Fwww.w3.org%2F2000%2Fsvg%27%20width%3D%27920%27%20height%3D%27956%27%20viewBox%3D%270%200%20920%20956%27%3E%3Crect%20width%3D%27920%27%20height%3D%27956%27%20fill-opacity%3D%220%22%2F%3E%3C%2Fsvg%3E\" data-orig-src=\"https:\/\/shinenettoyage.com\/wp-content\/uploads\/2023\/04\/real-estate-renovation-Shine-service-4.jpg\" data-srcset=\"https:\/\/shinenettoyage.com\/wp-content\/uploads\/2023\/04\/real-estate-renovation-Shine-service-4-200x208.jpg 200w, https:\/\/shinenettoyage.com\/wp-content\/uploads\/2023\/04\/real-estate-renovation-Shine-service-4-289x300.jpg 289w, https:\/\/shinenettoyage.com\/wp-content\/uploads\/2023\/04\/real-estate-renovation-Shine-service-4-400x416.jpg 400w, https:\/\/shinenettoyage.com\/wp-content\/uploads\/2023\/04\/real-estate-renovation-Shine-service-4-600x623.jpg 600w, https:\/\/shinenettoyage.com\/wp-content\/uploads\/2023\/04\/real-estate-renovation-Shine-service-4-768x798.jpg 768w, https:\/\/shinenettoyage.com\/wp-content\/uploads\/2023\/04\/real-estate-renovation-Shine-service-4-800x831.jpg 800w, https:\/\/shinenettoyage.com\/wp-content\/uploads\/2023\/04\/real-estate-renovation-Shine-service-4.jpg 920w\" data-sizes=\"auto\" \/><\/div><\/div><\/div><div class=\"swiper-slide\"><div class=\"fusion-carousel-item-wrapper\"><div class=\"fusion-image-wrapper hover-type-none\"><img width=\"920\" height=\"956\" src=\"https:\/\/shinenettoyage.com\/wp-content\/uploads\/2023\/04\/real-estate-renovation-Shine-service-3.jpg\" class=\"attachment-full size-full lazyload\" alt=\"\" decoding=\"async\" srcset=\"data:image\/svg+xml,%3Csvg%20xmlns%3D%27http%3A%2F%2Fwww.w3.org%2F2000%2Fsvg%27%20width%3D%27920%27%20height%3D%27956%27%20viewBox%3D%270%200%20920%20956%27%3E%3Crect%20width%3D%27920%27%20height%3D%27956%27%20fill-opacity%3D%220%22%2F%3E%3C%2Fsvg%3E\" data-orig-src=\"https:\/\/shinenettoyage.com\/wp-content\/uploads\/2023\/04\/real-estate-renovation-Shine-service-3.jpg\" data-srcset=\"https:\/\/shinenettoyage.com\/wp-content\/uploads\/2023\/04\/real-estate-renovation-Shine-service-3-200x208.jpg 200w, https:\/\/shinenettoyage.com\/wp-content\/uploads\/2023\/04\/real-estate-renovation-Shine-service-3-289x300.jpg 289w, https:\/\/shinenettoyage.com\/wp-content\/uploads\/2023\/04\/real-estate-renovation-Shine-service-3-400x416.jpg 400w, https:\/\/shinenettoyage.com\/wp-content\/uploads\/2023\/04\/real-estate-renovation-Shine-service-3-600x623.jpg 600w, https:\/\/shinenettoyage.com\/wp-content\/uploads\/2023\/04\/real-estate-renovation-Shine-service-3-768x798.jpg 768w, https:\/\/shinenettoyage.com\/wp-content\/uploads\/2023\/04\/real-estate-renovation-Shine-service-3-800x831.jpg 800w, https:\/\/shinenettoyage.com\/wp-content\/uploads\/2023\/04\/real-estate-renovation-Shine-service-3.jpg 920w\" data-sizes=\"auto\" \/><\/div><\/div><\/div><div class=\"swiper-slide\"><div class=\"fusion-carousel-item-wrapper\"><div class=\"fusion-image-wrapper hover-type-none\"><img width=\"920\" height=\"956\" src=\"https:\/\/shinenettoyage.com\/wp-content\/uploads\/2023\/04\/real-estate-renovation-Shine-service-2.jpg\" class=\"attachment-full size-full lazyload\" alt=\"\" decoding=\"async\" srcset=\"data:image\/svg+xml,%3Csvg%20xmlns%3D%27http%3A%2F%2Fwww.w3.org%2F2000%2Fsvg%27%20width%3D%27920%27%20height%3D%27956%27%20viewBox%3D%270%200%20920%20956%27%3E%3Crect%20width%3D%27920%27%20height%3D%27956%27%20fill-opacity%3D%220%22%2F%3E%3C%2Fsvg%3E\" data-orig-src=\"https:\/\/shinenettoyage.com\/wp-content\/uploads\/2023\/04\/real-estate-renovation-Shine-service-2.jpg\" data-srcset=\"https:\/\/shinenettoyage.com\/wp-content\/uploads\/2023\/04\/real-estate-renovation-Shine-service-2-200x208.jpg 200w, https:\/\/shinenettoyage.com\/wp-content\/uploads\/2023\/04\/real-estate-renovation-Shine-service-2-289x300.jpg 289w, https:\/\/shinenettoyage.com\/wp-content\/uploads\/2023\/04\/real-estate-renovation-Shine-service-2-400x416.jpg 400w, https:\/\/shinenettoyage.com\/wp-content\/uploads\/2023\/04\/real-estate-renovation-Shine-service-2-600x623.jpg 600w, https:\/\/shinenettoyage.com\/wp-content\/uploads\/2023\/04\/real-estate-renovation-Shine-service-2-768x798.jpg 768w, https:\/\/shinenettoyage.com\/wp-content\/uploads\/2023\/04\/real-estate-renovation-Shine-service-2-800x831.jpg 800w, https:\/\/shinenettoyage.com\/wp-content\/uploads\/2023\/04\/real-estate-renovation-Shine-service-2.jpg 920w\" data-sizes=\"auto\" \/><\/div><\/div><\/div><\/div><\/div><\/div><\/div><\/div><div class=\"fusion-layout-column fusion_builder_column fusion-builder-column-5 fusion_builder_column_1_1 1_1 fusion-flex-column\" style=\"--awb-bg-size:cover;--awb-width-large:100%;--awb-margin-top-large:0px;--awb-spacing-right-large:1.92%;--awb-margin-bottom-large:20px;--awb-spacing-left-large:1.92%;--awb-width-medium:100%;--awb-order-medium:0;--awb-spacing-right-medium:1.92%;--awb-spacing-left-medium:1.92%;--awb-width-small:100%;--awb-order-small:0;--awb-spacing-right-small:1.92%;--awb-spacing-left-small:1.92%;\"><div class=\"fusion-column-wrapper fusion-column-has-shadow fusion-flex-justify-content-flex-start fusion-content-layout-column\"><div class=\"fusion-tabs fusion-tabs-1 classic nav-not-justified horizontal-tabs icon-position-left mobile-mode-accordion\" style=\"--awb-title-border-radius-top-left:0px;--awb-title-border-radius-top-right:0px;--awb-title-border-radius-bottom-right:0px;--awb-title-border-radius-bottom-left:0px;--awb-alignment:start;--awb-inactive-color:#ffffff;--awb-title-text-color:#13163b;--awb-background-color:#ffffff;--awb-border-color:#ffffff;--awb-active-border-color:#be9359;\" id=\"shine_tabs\"><div class=\"nav\"><ul class=\"nav-tabs\" role=\"tablist\"><li class=\"active\" role=\"presentation\"><a class=\"tab-link\" data-toggle=\"tab\" role=\"tab\" aria-controls=\"tab-c123fa8930bb6329dc4\" aria-selected=\"true\" id=\"fusion-tab-gestionimmobili\u00c8re\" href=\"#tab-c123fa8930bb6329dc4\"><h4 class=\"fusion-tab-heading\">GESTION IMMOBILI\u00c8RE<\/h4><\/a><\/li><li role=\"presentation\"><a class=\"tab-link\" data-toggle=\"tab\" role=\"tab\" aria-controls=\"tab-11c7e962034c18c443f\" aria-selected=\"false\" tabindex=\"-1\" id=\"fusion-tab-conciergerie\" href=\"#tab-11c7e962034c18c443f\"><h4 class=\"fusion-tab-heading\">CONCIERGERIE<\/h4><\/a><\/li><li role=\"presentation\"><a class=\"tab-link\" data-toggle=\"tab\" role=\"tab\" aria-controls=\"tab-27d72141dee8879176c\" aria-selected=\"false\" tabindex=\"-1\" id=\"fusion-tab-nettoyagedomestique\" href=\"#tab-27d72141dee8879176c\"><h4 class=\"fusion-tab-heading\">NETTOYAGE DOMESTIQUE<\/h4><\/a><\/li><li role=\"presentation\"><a class=\"tab-link\" data-toggle=\"tab\" role=\"tab\" aria-controls=\"tab-5aa5f3d9e48ca05b4dc\" aria-selected=\"false\" tabindex=\"-1\" id=\"fusion-tab-nettoyagedebureaux\" href=\"#tab-5aa5f3d9e48ca05b4dc\"><h4 class=\"fusion-tab-heading\">NETTOYAGE DE BUREAUX<\/h4><\/a><\/li><li role=\"presentation\"><a class=\"tab-link\" data-toggle=\"tab\" role=\"tab\" aria-controls=\"tab-7d2aed444a6723259af\" aria-selected=\"false\" tabindex=\"-1\" id=\"fusion-tab-nettoyagedecopropri\u00c9t\u00c9\" href=\"#tab-7d2aed444a6723259af\"><h4 class=\"fusion-tab-heading\">NETTOYAGE DE COPROPRI\u00c9T\u00c9<\/h4><\/a><\/li><li role=\"presentation\"><a class=\"tab-link\" data-toggle=\"tab\" role=\"tab\" aria-controls=\"tab-56a38f05f30815f8120\" aria-selected=\"false\" tabindex=\"-1\" id=\"fusion-tab-jardinage\" href=\"#tab-56a38f05f30815f8120\"><h4 class=\"fusion-tab-heading\">JARDINAGE<\/h4><\/a><\/li><li role=\"presentation\"><a class=\"tab-link\" data-toggle=\"tab\" role=\"tab\" aria-controls=\"tab-f32ce01d076bee41227\" aria-selected=\"false\" tabindex=\"-1\" id=\"fusion-tab-maintenance\" href=\"#tab-f32ce01d076bee41227\"><h4 class=\"fusion-tab-heading\">MAINTENANCE<\/h4><\/a><\/li><\/ul><\/div><div class=\"tab-content\"><div class=\"nav fusion-mobile-tab-nav\"><ul class=\"nav-tabs\" role=\"tablist\"><li class=\"active\" role=\"presentation\"><a class=\"tab-link\" data-toggle=\"tab\" role=\"tab\" aria-controls=\"tab-c123fa8930bb6329dc4\" aria-selected=\"true\" id=\"mobile-fusion-tab-gestionimmobili\u00c8re\" href=\"#tab-c123fa8930bb6329dc4\"><h4 class=\"fusion-tab-heading\">GESTION IMMOBILI\u00c8RE<\/h4><\/a><\/li><\/ul><\/div><div class=\"tab-pane fade fusion-clearfix in active\" role=\"tabpanel\" tabindex=\"0\" aria-labelledby=\"fusion-tab-gestionimmobili\u00c8re\" id=\"tab-c123fa8930bb6329dc4\">\n<p>Au c\u0153ur du paysage immobilier suisse, l\u00e0 o\u00f9 la pr\u00e9cision rencontre l&rsquo;\u00e9l\u00e9gance, nous vous pr\u00e9sentons SHINE votre partenaire de confiance en mati\u00e8re d&rsquo;excellence immobili\u00e8re. <a href=\"https:\/\/shinenettoyage.com\/fr\/gestion-immobiliere\/\">LIRE LA SUITE<\/a><\/p>\n<\/div><div class=\"nav fusion-mobile-tab-nav\"><ul class=\"nav-tabs\" role=\"tablist\"><li role=\"presentation\"><a class=\"tab-link\" data-toggle=\"tab\" role=\"tab\" aria-controls=\"tab-11c7e962034c18c443f\" aria-selected=\"false\" tabindex=\"-1\" id=\"mobile-fusion-tab-conciergerie\" href=\"#tab-11c7e962034c18c443f\"><h4 class=\"fusion-tab-heading\">CONCIERGERIE<\/h4><\/a><\/li><\/ul><\/div><div class=\"tab-pane fade fusion-clearfix\" role=\"tabpanel\" tabindex=\"0\" aria-labelledby=\"fusion-tab-conciergerie\" id=\"tab-11c7e962034c18c443f\">\n<p>Les services de conciergerie sont con\u00e7us pour simplifier la vie des clients en r\u00e9pondant \u00e0 leurs besoins et en leur facilitant l\u2019acc\u00e8s \u00e0 une gamme de services. <a href=\"https:\/\/shinenettoyage.com\/fr\/conciergerie\/\">LIRE LA SUITE<\/a><\/p>\n<\/div><div class=\"nav fusion-mobile-tab-nav\"><ul class=\"nav-tabs\" role=\"tablist\"><li role=\"presentation\"><a class=\"tab-link\" data-toggle=\"tab\" role=\"tab\" aria-controls=\"tab-27d72141dee8879176c\" aria-selected=\"false\" tabindex=\"-1\" id=\"mobile-fusion-tab-nettoyagedomestique\" href=\"#tab-27d72141dee8879176c\"><h4 class=\"fusion-tab-heading\">NETTOYAGE DOMESTIQUE<\/h4><\/a><\/li><\/ul><\/div><div class=\"tab-pane fade fusion-clearfix\" role=\"tabpanel\" tabindex=\"0\" aria-labelledby=\"fusion-tab-nettoyagedomestique\" id=\"tab-27d72141dee8879176c\">\n<p>Nous savons \u00e0 quel point votre maison est importante pour vous, et nos \u00e9quipes de nettoyage et d&rsquo;entretien m\u00e9nager sont d\u00e9vou\u00e9es pour que vous puissiez en profiter au maximum, sans avoir \u00e0 vous soucier des t\u00e2ches m\u00e9nag\u00e8res. <a href=\"https:\/\/shinenettoyage.com\/fr\/nettoyage-domestique\/\">LIRE LA SUITE<\/a><\/p>\n<\/div><div class=\"nav fusion-mobile-tab-nav\"><ul class=\"nav-tabs\" role=\"tablist\"><li role=\"presentation\"><a class=\"tab-link\" data-toggle=\"tab\" role=\"tab\" aria-controls=\"tab-5aa5f3d9e48ca05b4dc\" aria-selected=\"false\" tabindex=\"-1\" id=\"mobile-fusion-tab-nettoyagedebureaux\" href=\"#tab-5aa5f3d9e48ca05b4dc\"><h4 class=\"fusion-tab-heading\">NETTOYAGE DE BUREAUX<\/h4><\/a><\/li><\/ul><\/div><div class=\"tab-pane fade fusion-clearfix\" role=\"tabpanel\" tabindex=\"0\" aria-labelledby=\"fusion-tab-nettoyagedebureaux\" id=\"tab-5aa5f3d9e48ca05b4dc\">\n<p>Vous pouvez vous attendre \u00e0 un service de nettoyage professionnel de notre \u00e9quipe exp\u00e9riment\u00e9e, y compris l&rsquo;utilisation d&rsquo;\u00e9quipements et de consommables de nettoyage de haute qualit\u00e9, tous respectueux de l&rsquo;environnement. <a href=\"https:\/\/shinenettoyage.com\/fr\/nettoyage-de-bureaux\/\">LIRE LA SUITE<\/a><\/p>\n<\/div><div class=\"nav fusion-mobile-tab-nav\"><ul class=\"nav-tabs\" role=\"tablist\"><li role=\"presentation\"><a class=\"tab-link\" data-toggle=\"tab\" role=\"tab\" aria-controls=\"tab-7d2aed444a6723259af\" aria-selected=\"false\" tabindex=\"-1\" id=\"mobile-fusion-tab-nettoyagedecopropri\u00c9t\u00c9\" href=\"#tab-7d2aed444a6723259af\"><h4 class=\"fusion-tab-heading\">NETTOYAGE DE COPROPRI\u00c9T\u00c9<\/h4><\/a><\/li><\/ul><\/div><div class=\"tab-pane fade fusion-clearfix\" role=\"tabpanel\" tabindex=\"0\" aria-labelledby=\"fusion-tab-nettoyagedecopropri\u00c9t\u00c9\" id=\"tab-7d2aed444a6723259af\">\n<p>Nous comprenons l&rsquo;importance de veiller \u00e0 ce que l&rsquo;espace adjacent \u00e0 votre maison soit trait\u00e9 avec s\u00e9rieux et professionnalisme, afin que vous vous sentiez bien \u00e0 votre arriv\u00e9e \u00e0 la maison. <a href=\"https:\/\/shinenettoyage.com\/fr\/nettoyage-de-copropriete\/\">LIRE LA SUITE<\/a><\/p>\n<\/div><div class=\"nav fusion-mobile-tab-nav\"><ul class=\"nav-tabs\" role=\"tablist\"><li role=\"presentation\"><a class=\"tab-link\" data-toggle=\"tab\" role=\"tab\" aria-controls=\"tab-56a38f05f30815f8120\" aria-selected=\"false\" tabindex=\"-1\" id=\"mobile-fusion-tab-jardinage\" href=\"#tab-56a38f05f30815f8120\"><h4 class=\"fusion-tab-heading\">JARDINAGE<\/h4><\/a><\/li><\/ul><\/div><div class=\"tab-pane fade fusion-clearfix\" role=\"tabpanel\" tabindex=\"0\" aria-labelledby=\"fusion-tab-jardinage\" id=\"tab-56a38f05f30815f8120\">\n<p>Des professionnels form\u00e9s aux t\u00e2ches les plus diverses de nettoyage et d&rsquo;entretien d&rsquo;espaces verts, ou d&rsquo;espaces ext\u00e9rieurs comme les terrasses, sauront restituer le raffinement et la beaut\u00e9 que m\u00e9ritent vos espaces ext\u00e9rieurs. <a href=\"https:\/\/shinenettoyage.com\/fr\/jardinage\/\">LIRE LA SUITE<\/a><\/p>\n<\/div><div class=\"nav fusion-mobile-tab-nav\"><ul class=\"nav-tabs\" role=\"tablist\"><li role=\"presentation\"><a class=\"tab-link\" data-toggle=\"tab\" role=\"tab\" aria-controls=\"tab-f32ce01d076bee41227\" aria-selected=\"false\" tabindex=\"-1\" id=\"mobile-fusion-tab-maintenance\" href=\"#tab-f32ce01d076bee41227\"><h4 class=\"fusion-tab-heading\">MAINTENANCE<\/h4><\/a><\/li><\/ul><\/div><div class=\"tab-pane fade fusion-clearfix\" role=\"tabpanel\" tabindex=\"0\" aria-labelledby=\"fusion-tab-maintenance\" id=\"tab-f32ce01d076bee41227\">\n<p>Nous effectuons des visites r\u00e9guli\u00e8res pour nous assurer que votre r\u00e9sidence est toujours s\u00e9curis\u00e9e et pleinement fonctionnelle, propre et pr\u00eate pour votre retour \u00e0 la maison. <a href=\"https:\/\/shinenettoyage.com\/fr\/manutention\/\">LIRE LA SUITE<\/a><\/p>\n<\/div><\/div><\/div><\/div><\/div><\/div><\/div><\/p>\n","protected":false},"excerpt":{"rendered":"","protected":false},"author":1,"featured_media":0,"parent":0,"menu_order":0,"comment_status":"closed","ping_status":"closed","template":"100-width.php","meta":[],"_links":{"self":[{"href":"https:\/\/shinenettoyage.com\/fr\/wp-json\/wp\/v2\/pages\/3023"}],"collection":[{"href":"https:\/\/shinenettoyage.com\/fr\/wp-json\/wp\/v2\/pages"}],"about":[{"href":"https:\/\/shinenettoyage.com\/fr\/wp-json\/wp\/v2\/types\/page"}],"author":[{"embeddable":true,"href":"https:\/\/shinenettoyage.com\/fr\/wp-json\/wp\/v2\/users\/1"}],"replies":[{"embeddable":true,"href":"https:\/\/shinenettoyage.com\/fr\/wp-json\/wp\/v2\/comments?post=3023"}],"version-history":[{"count":18,"href":"https:\/\/shinenettoyage.com\/fr\/wp-json\/wp\/v2\/pages\/3023\/revisions"}],"predecessor-version":[{"id":3332,"href":"https:\/\/shinenettoyage.com\/fr\/wp-json\/wp\/v2\/pages\/3023\/revisions\/3332"}],"wp:attachment":[{"href":"https:\/\/shinenettoyage.com\/fr\/wp-json\/wp\/v2\/media?parent=3023"}],"curies":[{"name":"wp","href":"https:\/\/api.w.org\/{rel}","templated":true}]}}