{"id":2616,"date":"2021-12-17T16:51:18","date_gmt":"2021-12-17T16:51:18","guid":{"rendered":"https:\/\/shinenettoyage.com\/politique-de-confidentialite\/"},"modified":"2021-12-17T16:51:20","modified_gmt":"2021-12-17T16:51:20","slug":"politique-de-confidentialite","status":"publish","type":"page","link":"https:\/\/shinenettoyage.com\/fr\/politique-de-confidentialite\/","title":{"rendered":"POLITIQUE DE CONFIDENTIALIT\u00c9"},"content":{"rendered":"<div class=\"fusion-fullwidth fullwidth-box fusion-builder-row-1 fusion-flex-container hundred-percent-fullwidth non-hundred-percent-height-scrolling\" style=\"--awb-background-position:center top;--awb-border-radius-top-left:0px;--awb-border-radius-top-right:0px;--awb-border-radius-bottom-right:0px;--awb-border-radius-bottom-left:0px;--awb-padding-top:6%;--awb-padding-bottom:6%;--awb-margin-top:0px;--awb-margin-bottom:0px;--awb-background-color:#ffffff;\" ><div class=\"fusion-builder-row fusion-row fusion-flex-align-items-flex-start\" style=\"width:calc( 100% + 0px ) !important;max-width:calc( 100% + 0px ) !important;margin-left: calc(-0px \/ 2 );margin-right: calc(-0px \/ 2 );\"><div class=\"fusion-layout-column fusion_builder_column fusion-builder-column-0 fusion_builder_column_1_4 1_4 fusion-flex-column\" style=\"--awb-padding-top:20px;--awb-padding-bottom:78px;--awb-bg-position:center top;--awb-bg-size:cover;--awb-width-large:25%;--awb-margin-top-large:0px;--awb-spacing-right-large:0px;--awb-margin-bottom-large:20px;--awb-spacing-left-large:0px;--awb-width-medium:100%;--awb-spacing-right-medium:0px;--awb-spacing-left-medium:0px;--awb-width-small:100%;--awb-spacing-right-small:0px;--awb-spacing-left-small:0px;\"><div class=\"fusion-column-wrapper fusion-flex-justify-content-flex-start fusion-content-layout-column\"><\/div><\/div><div class=\"fusion-layout-column fusion_builder_column fusion-builder-column-1 fusion_builder_column_1_2 1_2 fusion-flex-column\" style=\"--awb-padding-top:20px;--awb-padding-bottom:78px;--awb-bg-position:center top;--awb-bg-size:cover;--awb-width-large:50%;--awb-margin-top-large:0px;--awb-spacing-right-large:0px;--awb-margin-bottom-large:20px;--awb-spacing-left-large:0px;--awb-width-medium:100%;--awb-spacing-right-medium:0px;--awb-spacing-left-medium:0px;--awb-width-small:100%;--awb-spacing-right-small:0px;--awb-spacing-left-small:0px;\"><div class=\"fusion-column-wrapper fusion-flex-justify-content-flex-start fusion-content-layout-column\"><div class=\"fusion-title title fusion-title-1 fusion-sep-none fusion-title-center fusion-title-text fusion-title-size-six\" style=\"--awb-font-size:26px;\"><h6 class=\"title-heading-center fusion-responsive-typography-calculated\" style=\"margin:0;font-size:1em;text-transform:uppercase;--fontSize:26;line-height:1.5;\">Politique de confidentialit\u00e9<\/h6><\/div><div class=\"fusion-text fusion-text-1\" style=\"--awb-text-transform:none;\"><p><strong>Politique de confidentialit\u00e9<\/strong><br \/>\nChez shinenettoyage.com, accessible sur www.shinenettoyage.com et www.shinenettoyage.ch, l&rsquo;une de nos principales priorit\u00e9s est la confidentialit\u00e9 de nos visiteurs. Ce document de politique de confidentialit\u00e9 contient des types d&rsquo;informations qui sont collect\u00e9es et enregistr\u00e9es par shinenettoyage.com et comment nous les utilisons.<br \/>\nSi vous avez des questions suppl\u00e9mentaires ou souhaitez plus d&rsquo;informations sur notre politique de confidentialit\u00e9, n&rsquo;h\u00e9sitez pas \u00e0 nous contacter par e-mail \u00e0 info@shinenettoyage.com<br \/>\nCette politique de confidentialit\u00e9 s&rsquo;applique uniquement \u00e0 nos activit\u00e9s en ligne et est valable pour les visiteurs de notre site Web en ce qui concerne les informations qu&rsquo;ils ont partag\u00e9es et\/ou collect\u00e9es sur shinenettoyage.com. Cette politique ne s&rsquo;applique pas aux informations collect\u00e9es hors ligne ou via des canaux autres que ce site Web.<\/p>\n<p><strong>Consentement<\/strong><br \/>\nEn utilisant notre site Web, vous consentez par la pr\u00e9sente \u00e0 notre politique de confidentialit\u00e9 et acceptez ses conditions.<\/p>\n<p><strong>Informations que nous collectons<\/strong><br \/>\nLes informations personnelles que vous \u00eates invit\u00e9 \u00e0 fournir et les raisons pour lesquelles vous \u00eates invit\u00e9 \u00e0 les fournir vous seront clairement indiqu\u00e9es au moment o\u00f9 nous vous demanderons de fournir vos informations personnelles.<br \/>\nSi vous nous contactez directement, nous pouvons recevoir des informations suppl\u00e9mentaires vous concernant telles que votre nom, votre adresse e-mail, votre num\u00e9ro de t\u00e9l\u00e9phone, le contenu du message et\/ou des pi\u00e8ces jointes que vous pouvez nous envoyer, et toute autre information que vous pouvez choisir de fournir.<\/p>\n<p><strong>Comment nous utilisons vos informations<\/strong><br \/>\nNous utilisons les informations que nous collectons de diverses mani\u00e8res, notamment pour :<br \/>\nFournir, exploiter et maintenir notre site Web<br \/>\nAm\u00e9liorer, personnaliser et \u00e9tendre notre site Web<br \/>\nComprendre et analyser comment vous utilisez notre site Web<br \/>\nD\u00e9velopper de nouveaux services, fonctionnalit\u00e9s et fonctionnalit\u00e9s<br \/>\nCommuniquer avec vous, directement ou via l&rsquo;un de nos partenaires, y compris pour le service client, pour vous fournir des mises \u00e0 jour et d&rsquo;autres informations relatives au site Web, et \u00e0 des fins de marketing et de promotion<br \/>\nVous envoyer des e-mails<br \/>\nTrouver et pr\u00e9venir la fraude<\/p>\n<p><strong>Fichiers journaux<\/strong><br \/>\nShinenettoyage.com suit une proc\u00e9dure standard d&rsquo;utilisation des fichiers journaux. Ces fichiers enregistrent les visiteurs lorsqu&rsquo;ils visitent des sites Web. Toutes les soci\u00e9t\u00e9s d&rsquo;h\u00e9bergement le font et font partie de l&rsquo;analyse des services d&rsquo;h\u00e9bergement. Les informations collect\u00e9es par les fichiers journaux incluent les adresses de protocole Internet (IP), le type de navigateur, le fournisseur d&rsquo;acc\u00e8s Internet (FAI), la date et l&rsquo;heure, les pages de renvoi\/de sortie et \u00e9ventuellement le nombre de clics. Ceux-ci ne sont li\u00e9s \u00e0 aucune information personnellement identifiable. Le but des informations est d&rsquo;analyser les tendances, d&rsquo;administrer le site, de suivre les mouvements des utilisateurs sur le site Web et de recueillir des informations d\u00e9mographiques.<\/p>\n<p><strong>Cookies et balises Web<\/strong><br \/>\nComme tout autre site Web, shinenettoyage.com utilise des \u00ab&nbsp;cookies&nbsp;\u00bb. Ces cookies sont utilis\u00e9s pour stocker des informations, notamment les pr\u00e9f\u00e9rences des visiteurs et les pages du site Web auxquelles le visiteur a acc\u00e9d\u00e9 ou visit\u00e9. Les informations sont utilis\u00e9es pour optimiser l&rsquo;exp\u00e9rience des utilisateurs en personnalisant le contenu de notre page Web en fonction du type de navigateur des visiteurs et\/ou d&rsquo;autres informations.<\/p>\n<p><strong>Politique de confidentialit\u00e9 de l&rsquo;ACCP (Ne pas vendre mes informations personnelles)<\/strong><br \/>\nLes utilisateurs de Shinenettoyage.com ont le droit de :<br \/>\nDemander qu&rsquo;une entreprise qui collecte les donn\u00e9es personnelles d&rsquo;un consommateur divulgue les cat\u00e9gories et les \u00e9l\u00e9ments sp\u00e9cifiques de donn\u00e9es personnelles qu&rsquo;une entreprise a collect\u00e9es sur les consommateurs.<br \/>\nDemander \u00e0 une entreprise de supprimer toutes les donn\u00e9es personnelles sur le consommateur qu&rsquo;une entreprise a collect\u00e9es.<br \/>\nDemander \u00e0 une entreprise qui vend les donn\u00e9es personnelles d&rsquo;un consommateur de ne pas vendre les donn\u00e9es personnelles du consommateur.<br \/>\nSi vous faites une demande, nous avons un mois pour vous r\u00e9pondre. Si vous souhaitez exercer l&rsquo;un de ces droits, veuillez nous contacter.<\/p>\n<p><strong>Politique de confidentialit\u00e9 GDPR (Droits de protection des donn\u00e9es)<\/strong><br \/>\nNous souhaitons nous assurer que vous \u00eates pleinement conscient de tous vos droits en mati\u00e8re de protection des donn\u00e9es. Chaque utilisateur a droit \u00e0 ce qui suit&nbsp;:<br \/>\nLe droit d&rsquo;acc\u00e8s \u2013 Vous avez le droit de demander des copies de vos donn\u00e9es personnelles. Nous pouvons vous facturer des frais minimes pour ce service.<br \/>\nLe droit de rectification \u2013 Vous avez le droit de demander que nous corrigions toute information que vous jugez inexacte. Vous avez \u00e9galement le droit de nous demander de compl\u00e9ter les informations que vous jugez incompl\u00e8tes.<br \/>\nLe droit d&rsquo;effacement \u2013 Vous avez le droit de demander que nous effacions vos donn\u00e9es personnelles, sous certaines conditions.<br \/>\nLe droit de restreindre le traitement \u2013 Vous avez le droit de demander que nous restreignions le traitement de vos donn\u00e9es personnelles, sous certaines conditions.<br \/>\nLe droit de vous opposer au traitement \u2013 Vous avez le droit de vous opposer au traitement de vos donn\u00e9es personnelles, sous certaines conditions.<br \/>\nLe droit \u00e0 la portabilit\u00e9 des donn\u00e9es \u2013 Vous avez le droit de demander que nous transf\u00e9rions les donn\u00e9es que nous avons collect\u00e9es \u00e0 une autre organisation, ou directement \u00e0 vous, sous certaines conditions.<br \/>\nSi vous faites une demande, nous avons un mois pour vous r\u00e9pondre. Si vous souhaitez exercer l&rsquo;un de ces droits, veuillez nous contacter.<\/p>\n<p><strong>Informations sur les enfants<\/strong><br \/>\nUne autre partie de notre priorit\u00e9 est d&rsquo;ajouter une protection pour les enfants lorsqu&rsquo;ils utilisent Internet. Nous encourageons les parents et tuteurs \u00e0 observer, participer et\/ou surveiller et guider leur activit\u00e9 en ligne.<br \/>\nShinenettoyage.com ne collecte sciemment aucune information personnelle identifiable d&rsquo;enfants de moins de 13 ans. Si vous pensez que votre enfant a fourni ce type d&rsquo;informations sur notre site Web, nous vous encourageons fortement \u00e0 nous contacter imm\u00e9diatement et nous ferons de notre mieux pour supprimer rapidement ces informations de nos dossiers.<\/p>\n<\/div><div class=\"fusion-separator fusion-no-large-visibility fusion-full-width-sep\" style=\"align-self: center;margin-left: auto;margin-right: auto;margin-top:-80px;width:100%;\"><\/div><\/div><\/div><div class=\"fusion-layout-column fusion_builder_column fusion-builder-column-2 fusion_builder_column_1_4 1_4 fusion-flex-column\" style=\"--awb-padding-top:20px;--awb-padding-bottom:78px;--awb-bg-position:center top;--awb-bg-size:cover;--awb-width-large:25%;--awb-margin-top-large:0px;--awb-spacing-right-large:0px;--awb-margin-bottom-large:20px;--awb-spacing-left-large:0px;--awb-width-medium:100%;--awb-spacing-right-medium:0px;--awb-spacing-left-medium:0px;--awb-width-small:100%;--awb-spacing-right-small:0px;--awb-spacing-left-small:0px;\"><div class=\"fusion-column-wrapper fusion-flex-justify-content-flex-start fusion-content-layout-column\"><\/div><\/div><\/div><\/div>\n","protected":false},"excerpt":{"rendered":"","protected":false},"author":2,"featured_media":0,"parent":0,"menu_order":0,"comment_status":"closed","ping_status":"closed","template":"100-width.php","meta":[],"_links":{"self":[{"href":"https:\/\/shinenettoyage.com\/fr\/wp-json\/wp\/v2\/pages\/2616"}],"collection":[{"href":"https:\/\/shinenettoyage.com\/fr\/wp-json\/wp\/v2\/pages"}],"about":[{"href":"https:\/\/shinenettoyage.com\/fr\/wp-json\/wp\/v2\/types\/page"}],"author":[{"embeddable":true,"href":"https:\/\/shinenettoyage.com\/fr\/wp-json\/wp\/v2\/users\/2"}],"replies":[{"embeddable":true,"href":"https:\/\/shinenettoyage.com\/fr\/wp-json\/wp\/v2\/comments?post=2616"}],"version-history":[{"count":2,"href":"https:\/\/shinenettoyage.com\/fr\/wp-json\/wp\/v2\/pages\/2616\/revisions"}],"predecessor-version":[{"id":2620,"href":"https:\/\/shinenettoyage.com\/fr\/wp-json\/wp\/v2\/pages\/2616\/revisions\/2620"}],"wp:attachment":[{"href":"https:\/\/shinenettoyage.com\/fr\/wp-json\/wp\/v2\/media?parent=2616"}],"curies":[{"name":"wp","href":"https:\/\/api.w.org\/{rel}","templated":true}]}}